{"id":26,"date":"2023-10-11T19:56:02","date_gmt":"2023-10-11T19:56:02","guid":{"rendered":"https:\/\/feelthebalkans.al\/?page_id=26"},"modified":"2024-02-14T13:16:19","modified_gmt":"2024-02-14T13:16:19","slug":"about","status":"publish","type":"page","link":"https:\/\/feelthebalkans.al\/en\/about\/","title":{"rendered":"About"},"content":{"rendered":"<section class=\"wpb-content-wrapper\"><div class=\"vc_row wpb_row vc_row-fluid\"><div class=\"wpb_column vc_column_container vc_col-sm-12 vc_col-has-fill\"><div class=\"vc_column-inner vc_custom_1707819120866\"><div class=\"wpb_wrapper\"><div class=\"gambit_fullwidth_row\" data-content-width=\"100%\" style=\"display: none\"><\/div>\n\t<div class=\"wpb_raw_code wpb_content_element wpb_raw_html video-container\" >\n\t\t<div class=\"wpb_wrapper\">\n\t\t\t<div class=\"main-video\">\n<video width=\"100%\" class=\"video\" autoplay=\"true\" loop=\"true\" muted=\"true\"><source src=\"https:\/\/feelthebalkans.al\/wp-content\/uploads\/2023\/10\/Untitled-design.mp4\" type=\"video\/mp4\"><\/video>\n\n<h2>Somos Feel the Balkans<\/h2>\n<\/div>\n\t\t<\/div>\n\t<\/div>\n<\/div><\/div><\/div><\/div><div class=\"vc_row wpb_row vc_row-fluid about-second-section vc_custom_1702469871740 vc_row-has-fill\"><div class=\"wpb_column vc_column_container vc_col-sm-12 vc_col-has-fill\"><div class=\"vc_column-inner vc_custom_1702469479822\"><div class=\"wpb_wrapper\"><div class=\"gambit_fullwidth_row\" data-content-width=\"100%\" style=\"display: none\"><\/div><h2 style=\"font-size: 40px;color: #000000;line-height: 1.2;text-align: center;font-family:Artifika;font-weight:400;font-style:normal\" class=\"vc_custom_heading\" >\u00a8As\u00ed son los Balcanes, cada \u00e9poca tiene sus historias y los Balcanes tienen su misma. \u00a8<\/h2><div class=\"vc_empty_space  custom-space\"   style=\"height: 2px\"><span class=\"vc_empty_space_inner\"><\/span><\/div><p style=\"font-size: 25px;color: #000000;line-height: 1.5;text-align: center;font-family:Montserrat;font-weight:400;font-style:normal\" class=\"vc_custom_heading vacation-paragraph\" >Feel The Balkans Travel es una agencia receptiva creada con el objetivo de ofrecer viajes y<br \/>\nexperiencias \u00fanicas en la regi\u00f3n de los Balcanes. Con ubicaci\u00f3n en Tirana, la capital de Albania, nos hemos juntado varios expertos del sector para crear este proyecto que pretende organizar viajes modernizados y adaptados en el campo tur\u00edstico.<\/p><div class=\"vc_empty_space\"   style=\"height: 30px\"><span class=\"vc_empty_space_inner\"><\/span><\/div><\/div><\/div><\/div><\/div><div class=\"vc_row wpb_row vc_row-fluid vc_custom_1697066533157 vc_row-has-fill\"><div class=\"wpb_column vc_column_container vc_col-sm-12 vc_col-has-fill\"><div class=\"vc_column-inner vc_custom_1707819075516\"><div class=\"wpb_wrapper\"><div class=\"gambit_fullwidth_row\" data-content-width=\"100%\" style=\"display: none\"><\/div><div class=\"vc_row wpb_row vc_inner vc_row-fluid\"><div class=\"wpb_column vc_column_container vc_col-sm-6\"><div class=\"vc_column-inner\"><div class=\"wpb_wrapper\">\n\t<div class=\"wpb_raw_code wpb_content_element wpb_raw_html\" >\n\t\t<div class=\"wpb_wrapper\">\n\t\t\t<div class=\"explorateur-images\">\n<div class=\"firstImage\"><img src=\"https:\/\/feelthebalkans.al\/wp-content\/uploads\/2023\/12\/White-Minimalist-Travel-Magazine-Cover-2.jpg\" width=\"490\" height=\"875\" alt=\"\"><\/div><div class=\"secondImage\"><img src=\"https:\/\/feelthebalkans.al\/wp-content\/uploads\/2023\/12\/White-Minimalist-Travel-Magazine-Cover-1.jpg\" width=\"490\" height=\"875\" alt=\"\">\n\n<\/div>\n<\/div>\n\t\t<\/div>\n\t<\/div>\n<\/div><\/div><\/div><div class=\"wpb_column vc_column_container vc_col-sm-6\"><div class=\"vc_column-inner\"><div class=\"wpb_wrapper\">\n\t<div class=\"wpb_raw_code wpb_content_element wpb_raw_html\" >\n\t\t<div class=\"wpb_wrapper\">\n\t\t\t<div class=\"explorateur-images\">\n<div class=\"firstImage\"><img src=\"https:\/\/feelthebalkans.al\/wp-content\/uploads\/2023\/12\/White-Minimalist-Travel-Magazine-Cover.jpg\" width=\"490\" height=\"875\" alt=\"\"><\/div>\n<\/div>\n\t\t<\/div>\n\t<\/div>\n<\/div><\/div><\/div><\/div><\/div><\/div><\/div><\/div><div class=\"vc_row wpb_row vc_row-fluid\"><div class=\"wpb_column vc_column_container vc_col-sm-12\"><div class=\"vc_column-inner\"><div class=\"wpb_wrapper\"><div class=\"gambit_fullwidth_row\" data-content-width=\"100%\" style=\"display: none\"><\/div><h2 style=\"font-size: 50px;color: #000000;line-height: 1.2;text-align: center;font-family:Artifika;font-weight:400;font-style:normal\" class=\"vc_custom_heading\" >Nuestra visi\u00f3n<\/h2><div class=\"vc_empty_space  custom-space\"   style=\"height: 2px\"><span class=\"vc_empty_space_inner\"><\/span><\/div><p style=\"font-size: 20px;color: #000000;line-height: 1.7;text-align: center;font-family:Montserrat;font-weight:400;font-style:normal\" class=\"vc_custom_heading travelers-paragraph\" >Ser una empresa personalizada consiguiendo viajes de alta calidad y cumplir las necesidades de nuestros colaboradores. Lista para proyectos grandes y din\u00e1micos. Ser el l\u00edder en el mercado hispanohablante por nuestra confianza, profesionalismo y transparencia con los clientes.<\/p><div class=\"vc_empty_space\"   style=\"height: 30px\"><span class=\"vc_empty_space_inner\"><\/span><\/div><\/div><\/div><\/div><\/div><div class=\"vc_row wpb_row vc_row-fluid noMarginBottom vc_custom_1697067204727 vc_row-has-fill\"><div class=\"wpb_column vc_column_container vc_col-sm-12 vc_col-has-fill\"><div class=\"vc_column-inner vc_custom_1707819574744\"><div class=\"wpb_wrapper\"><div class=\"gambit_fullwidth_row\" data-content-width=\"100%\" style=\"display: none\"><\/div><div class=\"vc_row wpb_row vc_inner vc_row-fluid\"><div class=\"wpb_column vc_column_container vc_col-sm-12 vc_col-has-fill\"><div class=\"vc_column-inner vc_custom_1707819221815\"><div class=\"wpb_wrapper\"><h2 style=\"color: #ffffff;line-height: 1.2;text-align: center;font-family:Artifika;font-weight:400;font-style:normal\" class=\"vc_custom_heading footer-text-style\" >Follow the adventure!<\/h2><div class=\"vc_empty_space\"   style=\"height: 40px\"><span class=\"vc_empty_space_inner\"><\/span><\/div><div class=\"vc_btn3-container vc_btn3-center\" ><button class=\"vc_general vc_btn3 vc_btn3-size-lg vc_btn3-shape-round vc_btn3-style-modern vc_btn3-color-juicy-pink\">Descubre nuestro canales sociales<\/button><\/div><\/div><\/div><\/div><\/div><div class=\"vc_empty_space\"   style=\"height: 20px\"><span class=\"vc_empty_space_inner\"><\/span><\/div><div class=\"vc_row wpb_row vc_inner vc_row-fluid\"><div class=\"wpb_column vc_column_container vc_col-sm-4 vc_col-has-fill\"><div class=\"vc_column-inner vc_custom_1707819319806\"><div class=\"wpb_wrapper\"><div class=\"vc_icon_element vc_icon_element-outer icon-footer vc_icon_element-align-center vc_icon_element-have-style\"><div class=\"vc_icon_element-inner vc_icon_element-color-white vc_icon_element-have-style-inner vc_icon_element-size-md vc_icon_element-style-boxed vc_icon_element-background vc_icon_element-background-color-custom\"  style=\"background-color:#be1e2d\"><span class=\"vc_icon_element-icon fab fa-instagram\" ><\/span><a class=\"vc_icon_element-link\" href=\"https:\/\/www.instagram.com\/feelthebalkanstravel\/\"  title=\"feelthebalkanstravel\" target=\"_blank\"><\/a><\/div><\/div><h2 style=\"font-size: 20px;color: #ffffff;text-align: center;font-family:Abril Fatface;font-weight:400;font-style:normal\" class=\"vc_custom_heading social-media-font\" >Instagram<\/h2><\/div><\/div><\/div><div class=\"wpb_column vc_column_container vc_col-sm-4 vc_col-has-fill\"><div class=\"vc_column-inner vc_custom_1707819346805\"><div class=\"wpb_wrapper\"><div class=\"vc_icon_element vc_icon_element-outer icon-footer vc_icon_element-align-center vc_icon_element-have-style\"><div class=\"vc_icon_element-inner vc_icon_element-color-white vc_icon_element-have-style-inner vc_icon_element-size-md vc_icon_element-style-boxed vc_icon_element-background vc_icon_element-background-color-custom\"  style=\"background-color:#be1e2d\"><span class=\"vc_icon_element-icon fab fa-facebook-square\" ><\/span><a class=\"vc_icon_element-link\" href=\"https:\/\/www.facebook.com\/people\/Feel-the-Balkans-Travel\/100083541395717\/?mibextid=LQQJ4d\"  title=\"feelthebalkanstravel\" target=\"_blank\"><\/a><\/div><\/div><h2 style=\"font-size: 20px;color: #ffffff;text-align: center;font-family:Abril Fatface;font-weight:400;font-style:normal\" class=\"vc_custom_heading social-media-font\" >Facebook<\/h2><\/div><\/div><\/div><div class=\"wpb_column vc_column_container vc_col-sm-4 vc_col-has-fill\"><div class=\"vc_column-inner vc_custom_1707819357333\"><div class=\"wpb_wrapper\"><div class=\"vc_icon_element vc_icon_element-outer icon-footer vc_icon_element-align-center vc_icon_element-have-style\"><div class=\"vc_icon_element-inner vc_icon_element-color-white vc_icon_element-have-style-inner vc_icon_element-size-md vc_icon_element-style-boxed vc_icon_element-background vc_icon_element-background-color-custom\"  style=\"background-color:#be1e2d\"><span class=\"vc_icon_element-icon fab fa-linkedin\" ><\/span><a class=\"vc_icon_element-link\" href=\"https:\/\/www.instagram.com\/feelthebalkanstravel\/\"  title=\"feelthebalkanstravel\" target=\"_blank\"><\/a><\/div><\/div><h2 style=\"font-size: 20px;color: #ffffff;text-align: center;font-family:Abril Fatface;font-weight:400;font-style:normal\" class=\"vc_custom_heading social-media-font\" ><a href=\"https:\/\/www.linkedin.com\/in\/feel-the-balkans-443703249\/\" title=\"feelthebalkanstravel\">Linkedin<\/a><\/h2><\/div><\/div><\/div><\/div><\/div><\/div><\/div><\/div>\n<\/section>","protected":false},"excerpt":{"rendered":"Somos Feel the Balkans \u00a8As\u00ed son los Balcanes, cada \u00e9poca tiene sus historias y los Balcanes tienen su misma. \u00a8Feel The Balkans Travel es una agencia [...]","protected":false},"author":1,"featured_media":0,"parent":0,"menu_order":0,"comment_status":"closed","ping_status":"closed","template":"","meta":{"footnotes":""},"_links":{"self":[{"href":"https:\/\/feelthebalkans.al\/en\/wp-json\/wp\/v2\/pages\/26"}],"collection":[{"href":"https:\/\/feelthebalkans.al\/en\/wp-json\/wp\/v2\/pages"}],"about":[{"href":"https:\/\/feelthebalkans.al\/en\/wp-json\/wp\/v2\/types\/page"}],"author":[{"embeddable":true,"href":"https:\/\/feelthebalkans.al\/en\/wp-json\/wp\/v2\/users\/1"}],"replies":[{"embeddable":true,"href":"https:\/\/feelthebalkans.al\/en\/wp-json\/wp\/v2\/comments?post=26"}],"version-history":[{"count":150,"href":"https:\/\/feelthebalkans.al\/en\/wp-json\/wp\/v2\/pages\/26\/revisions"}],"predecessor-version":[{"id":772,"href":"https:\/\/feelthebalkans.al\/en\/wp-json\/wp\/v2\/pages\/26\/revisions\/772"}],"wp:attachment":[{"href":"https:\/\/feelthebalkans.al\/en\/wp-json\/wp\/v2\/media?parent=26"}],"curies":[{"name":"wp","href":"https:\/\/api.w.org\/{rel}","templated":true}]}}