{"id":28,"date":"2023-10-11T19:56:28","date_gmt":"2023-10-11T19:56:28","guid":{"rendered":"https:\/\/feelthebalkans.al\/?page_id=28"},"modified":"2024-04-24T15:38:54","modified_gmt":"2024-04-24T15:38:54","slug":"services","status":"publish","type":"page","link":"https:\/\/feelthebalkans.al\/en\/services\/","title":{"rendered":"Services"},"content":{"rendered":"<section class=\"wpb-content-wrapper\"><div class=\"vc_row wpb_row vc_row-fluid\"><div class=\"wpb_column vc_column_container vc_col-sm-12\"><div class=\"vc_column-inner\"><div class=\"wpb_wrapper\"><div class=\"gambit_fullwidth_row\" data-content-width=\"100%\" style=\"display: none\"><\/div>\n\t<div class=\"wpb_raw_code wpb_content_element wpb_raw_html video-container\" >\n\t\t<div class=\"wpb_wrapper\">\n\t\t\t<div class=\"main-video-home\">\n<video width=\"100%\" class=\"video\" autoplay=\"true\" loop=\"true\" muted=\"true\"><source src=\"https:\/\/feelthebalkans.al\/wp-content\/uploads\/2023\/10\/Untitled-design-4.mp4\" type=\"video\/mp4\"><\/video>\n<h1>Servicios<\/h1>\n<\/div>\n\t\t<\/div>\n\t<\/div>\n<\/div><\/div><\/div><\/div><div class=\"vc_row wpb_row vc_row-fluid vc_custom_1697366120548 vc_row-has-fill\"><div class=\"wpb_column vc_column_container vc_col-sm-12\"><div class=\"vc_column-inner\"><div class=\"wpb_wrapper\"><div class=\"gambit_fullwidth_row\" data-content-width=\"100%\" style=\"display: none\"><\/div><h2 style=\"font-size: 50px;color: #000000;line-height: 1.2;text-align: center;font-family:Artifika;font-weight:400;font-style:normal\" class=\"vc_custom_heading\" >DISE\u00d1AMOS TUS VACACIONES<\/h2><div class=\"vc_empty_space  custom-space\"   style=\"height: 2px\"><span class=\"vc_empty_space_inner\"><\/span><\/div><p style=\"font-size: 20px;color: #000000;line-height: 1.7;text-align: center;font-family:Montserrat;font-weight:400;font-style:normal\" class=\"vc_custom_heading welcome-paragraph\" >Nuestra agencia est\u00e1 especializada en el mercado hispano hablante, y dise\u00f1amos viajes de la siguiente tipolog\u00eda: Culturales, seniors, aventura, religiosos, de monta\u00f1a, fly &amp; drive, gastron\u00f3mico, tours de vino, vacaciones de costa etc. Los pa\u00edses que incluimos en nuestros itinerarios combinados son: Albania, Macedonia del Norte, Grecia del Norte e Isla de Corf\u00fa, Montenegro, Kosovo, Serbia, Croacia y Bulgaria. Nuestro equipo humano est\u00e1 orientado para atender en tiempo r\u00e9cord las solicitudes de nuestros clientes y para gestionar las distintas situaciones en la manera m\u00e1s profesional.<\/p><div class=\"vc_empty_space\"   style=\"height: 40px\"><span class=\"vc_empty_space_inner\"><\/span><\/div><div class=\"vc_empty_space\"   style=\"height: 30px\"><span class=\"vc_empty_space_inner\"><\/span><\/div>\n\t<div class=\"wpb_raw_code wpb_content_element wpb_raw_html\" >\n\t\t<div class=\"wpb_wrapper\">\n\t\t\t<style id=\"wp_carousel_dynamic_css499\">#sp-wp-carousel-free-id-499.sp-wpcp-499 .wpcp-single-item {border: 1px solid #dddddd;}#sp-wp-carousel-free-id-499.sp-wpcp-499 .swiper-button-prev,#sp-wp-carousel-free-id-499.sp-wpcp-499 .swiper-button-next,#sp-wp-carousel-free-id-499.sp-wpcp-499 .swiper-button-prev:hover,#sp-wp-carousel-free-id-499.sp-wpcp-499 .swiper-button-next:hover {background: none;border: none;font-size: 30px;}#sp-wp-carousel-free-id-499.sp-wpcp-499 .swiper-button-prev i,#sp-wp-carousel-free-id-499.sp-wpcp-499 .swiper-button-next i {color: #aaa;}#sp-wp-carousel-free-id-499.sp-wpcp-499 .swiper-button-prev i:hover,#sp-wp-carousel-free-id-499.sp-wpcp-499 .swiper-button-next i:hover {color: #178087;}#sp-wp-carousel-free-id-499.sp-wpcp-499 .wpcp-swiper-dots .swiper-pagination-bullet {background-color: #cccccc;}#sp-wp-carousel-free-id-499.sp-wpcp-499 .wpcp-swiper-dots .swiper-pagination-bullet.swiper-pagination-bullet-active {background-color: #178087;}@media screen and (max-width: 479px) {#sp-wp-carousel-free-id-499.nav-vertical-center {padding: 0;margin:0;}#sp-wp-carousel-free-id-499.nav-vertical-center .wpcp-next-button,#sp-wp-carousel-free-id-499.nav-vertical-center .wpcp-prev-button {display: none;}}#sp-wp-carousel-free-id-499 .wpcpro-row>[class*=\"wpcpro-col-\"] { padding: 0 10px; padding-bottom: 20px;}@media (min-width: 480px) { .wpcpro-row .wpcpro-col-sm-1 { flex: 0 0 100%; max-width: 100%; } .wpcpro-row .wpcpro-col-sm-2 { flex: 0 0 50%; max-width: 50%; } .wpcpro-row .wpcpro-col-sm-2-5 { flex: 0 0 75%; max-width: 75%; } .wpcpro-row .wpcpro-col-sm-3 { flex: 0 0 33.333%; max-width: 33.333%; } .wpcpro-row .wpcpro-col-sm-4 { flex: 0 0 25%; max-width: 25%; } .wpcpro-row .wpcpro-col-sm-5 { flex: 0 0 20%; max-width: 20%; } .wpcpro-row .wpcpro-col-sm-6 { flex: 0 0 16.66666666666667%; max-width: 16.66666666666667%; } .wpcpro-row .wpcpro-col-sm-7 { flex: 0 0 14.28571428%; max-width: 14.28571428%; } .wpcpro-row .wpcpro-col-sm-8 { flex: 0 0 12.5%; max-width: 12.5%; } } @media (max-width: 480px) { .wpcpro-row .wpcpro-col-xs-1 { flex: 0 0 100%; max-width: 100%; } .wpcpro-row .wpcpro-col-xs-2 { flex: 0 0 50%; max-width: 50%; } .wpcpro-row .wpcpro-col-xs-3 { flex: 0 0 33.222%; max-width: 33.222%; } .wpcpro-row .wpcpro-col-xs-4 { flex: 0 0 25%; max-width: 25%; } .wpcpro-row .wpcpro-col-xs-5 { flex: 0 0 20%; max-width: 20%; } .wpcpro-row .wpcpro-col-xs-6 { flex: 0 0 16.6667%; max-width: 16.6667%; } .wpcpro-row .wpcpro-col-xs-7 { flex: 0 0 14.28571428%; max-width: 14.28571428%; } .wpcpro-row .wpcpro-col-xs-8 { flex: 0 0 12.5%; max-width: 12.5%; } } @media (min-width: 736px) { .wpcpro-row .wpcpro-col-md-1 { flex: 0 0 100%; max-width: 100%; } .wpcpro-row .wpcpro-col-md-2 { flex: 0 0 50%; max-width: 50%; } .wpcpro-row .wpcpro-col-md-2-5 { flex: 0 0 75%; max-width: 75%; } .wpcpro-row .wpcpro-col-md-3 { flex: 0 0 33.333%; max-width: 33.333%; } .wpcpro-row .wpcpro-col-md-4 { flex: 0 0 25%; max-width: 25%; } .wpcpro-row .wpcpro-col-md-5 { flex: 0 0 20%; max-width: 20%; } .wpcpro-row .wpcpro-col-md-6 { flex: 0 0 16.66666666666667%; max-width: 16.66666666666667%; } .wpcpro-row .wpcpro-col-md-7 { flex: 0 0 14.28571428%; max-width: 14.28571428%; } .wpcpro-row .wpcpro-col-md-8 { flex: 0 0 12.5%; max-width: 12.5%; } } @media (min-width: 980px) { .wpcpro-row .wpcpro-col-lg-1 { flex: 0 0 100%; max-width: 100%; } .wpcpro-row .wpcpro-col-lg-2 { flex: 0 0 50%; max-width: 50%; } .wpcpro-row .wpcpro-col-lg-3 { flex: 0 0 33.222%; max-width: 33.222%; } .wpcpro-row .wpcpro-col-lg-4 { flex: 0 0 25%; max-width: 25%; } .wpcpro-row .wpcpro-col-lg-5 { flex: 0 0 20%; max-width: 20%; } .wpcpro-row .wpcpro-col-lg-6 { flex: 0 0 16.6667%; max-width: 16.6667%; } .wpcpro-row .wpcpro-col-lg-7 { flex: 0 0 14.28571428%; max-width: 14.28571428%; } .wpcpro-row .wpcpro-col-lg-8 { flex: 0 0 12.5%; max-width: 12.5%; } } @media (min-width: 1200px) { .wpcpro-row .wpcpro-col-xl-1 { flex: 0 0 100%; max-width: 100%; } .wpcpro-row .wpcpro-col-xl-2 { flex: 0 0 50%; max-width: 50%; } .wpcpro-row .wpcpro-col-xl-3 { flex: 0 0 33.22222222%; max-width: 33.22222222%; } .wpcpro-row .wpcpro-col-xl-4 { flex: 0 0 25%; max-width: 25%; } .wpcpro-row .wpcpro-col-xl-5 { flex: 0 0 20%; max-width: 20%; } .wpcpro-row .wpcpro-col-xl-6 { flex: 0 0 16.66667%; max-width: 16.66667%; } .wpcpro-row .wpcpro-col-xl-7 { flex: 0 0 14.28571428%; max-width: 14.28571428%; } .wpcpro-row .wpcpro-col-xl-8 { flex: 0 0 12.5%; max-width: 12.5%; } }<\/style><div class=\"wpcp-carousel-wrapper wpcp-wrapper-499\">\n\t<div id=\"wpcp-preloader-499\" class=\"wpcp-carousel-preloader\"><img decoding=\"async\" src=\"https:\/\/feelthebalkans.al\/wp-content\/plugins\/wp-carousel-free\/public\/css\/spinner.svg\" alt=\"Preloader Image\" \/><\/div>\t<div class=\"wpcp-carousel-content-wrapper\">\n\t<div id=\"sp-wp-carousel-free-id-499\" class=\"wpcp-carousel-section sp-wpcp-499  nav-vertical-center wpcp-image-carousel wpcp-preloader wpcp-standard\" data-swiper='{ \"accessibility\":true, \"spaceBetween\":20, \"arrows\":true, \"freeMode\": false, \"autoplay\":true, \"autoplaySpeed\":3000, \"dots\":true, \"infinite\":true, \"speed\":600, \"pauseOnHover\":true,\t\t\t\"slidesToShow\":{\"lg_desktop\":5, \"desktop\": 4, \"laptop\": 3, \"tablet\": 2, \"mobile\": 1}, \"responsive\":{\"desktop\":1200, \"laptop\": 980, \"tablet\": 736, \"mobile\": 480}, \"rtl\":false, \"lazyLoad\": \"false\", \"swipe\": true, \"draggable\": true, \"swipeToSlide\":false }'   dir=\"ltr\">\n\t\t<div class=\"swiper-wrapper\">\n\t\t<div class=\"swiper-slide\">\n\t<div class=\"wpcp-single-item\">\n\t\t\t<a class=\"wcp-light-box\" data-buttons='[\"close\"]' data-wpc_url='https:\/\/feelthebalkans.al\/wp-content\/uploads\/2024\/01\/Health-and-Wellness-Retail-Website-in-Brown-and-Light-Yellow-Organic-Warm-Style-1-1.jpg' href=\"https:\/\/feelthebalkans.al\/wp-content\/uploads\/2024\/01\/Health-and-Wellness-Retail-Website-in-Brown-and-Light-Yellow-Organic-Warm-Style-1-1.jpg\" data-fancybox=\"wpcp_view\">\n\t\t<figure>\n\t\t\t<img loading=\"lazy\" decoding=\"async\" class=\"skip-lazy\" src=\"https:\/\/feelthebalkans.al\/wp-content\/uploads\/2024\/01\/Health-and-Wellness-Retail-Website-in-Brown-and-Light-Yellow-Organic-Warm-Style-1-1.jpg\" alt=\"Health and Wellness Retail Website in Brown and Light Yellow Organic Warm Style (1)\" width=\"1366\" height=\"768\">\t\t<\/figure>\n\t<\/a>\n\t\t<\/div>\n<\/div>\n\t<div class=\"swiper-slide\">\n\t<div class=\"wpcp-single-item\">\n\t\t\t<a class=\"wcp-light-box\" data-buttons='[\"close\"]' data-wpc_url='https:\/\/feelthebalkans.al\/wp-content\/uploads\/2023\/11\/Home-1.png' href=\"https:\/\/feelthebalkans.al\/wp-content\/uploads\/2023\/11\/Home-1.png\" data-fancybox=\"wpcp_view\">\n\t\t<figure>\n\t\t\t<img loading=\"lazy\" decoding=\"async\" class=\"skip-lazy\" src=\"https:\/\/feelthebalkans.al\/wp-content\/uploads\/2023\/11\/Home-1.png\" alt=\"Home (1)\" width=\"1366\" height=\"768\">\t\t<\/figure>\n\t<\/a>\n\t\t<\/div>\n<\/div>\n\t<div class=\"swiper-slide\">\n\t<div class=\"wpcp-single-item\">\n\t\t\t<a class=\"wcp-light-box\" data-buttons='[\"close\"]' data-wpc_url='https:\/\/feelthebalkans.al\/wp-content\/uploads\/2023\/11\/Macedonia-del-Norte-es-parte-de-la-esencia-de-los-Balcanes-y-cuenta-de-una-historia-rica-de-los-griegos-romanos-y-otomanos.-Los-magnificos-monumentos-iglesias-monasterios-junto-con-su-naturalez-1.png' href=\"https:\/\/feelthebalkans.al\/wp-content\/uploads\/2023\/11\/Macedonia-del-Norte-es-parte-de-la-esencia-de-los-Balcanes-y-cuenta-de-una-historia-rica-de-los-griegos-romanos-y-otomanos.-Los-magnificos-monumentos-iglesias-monasterios-junto-con-su-naturalez-1.png\" data-fancybox=\"wpcp_view\">\n\t\t<figure>\n\t\t\t<img loading=\"lazy\" decoding=\"async\" class=\"skip-lazy\" src=\"https:\/\/feelthebalkans.al\/wp-content\/uploads\/2023\/11\/Macedonia-del-Norte-es-parte-de-la-esencia-de-los-Balcanes-y-cuenta-de-una-historia-rica-de-los-griegos-romanos-y-otomanos.-Los-magnificos-monumentos-iglesias-monasterios-junto-con-su-naturalez-1.png\" alt=\"Macedonia del Norte es parte de la esencia de los Balcanes y cuenta de una historia rica de los griegos, romanos y otomanos. Los magn\u00edficos monumentos, iglesias, monasterios junto con su naturalez (1)\" width=\"1366\" height=\"768\">\t\t<\/figure>\n\t<\/a>\n\t\t<\/div>\n<\/div>\n\t<div class=\"swiper-slide\">\n\t<div class=\"wpcp-single-item\">\n\t\t\t<a class=\"wcp-light-box\" data-buttons='[\"close\"]' data-wpc_url='https:\/\/feelthebalkans.al\/wp-content\/uploads\/2023\/11\/Home-2.jpg' href=\"https:\/\/feelthebalkans.al\/wp-content\/uploads\/2023\/11\/Home-2.jpg\" data-fancybox=\"wpcp_view\">\n\t\t<figure>\n\t\t\t<img loading=\"lazy\" decoding=\"async\" class=\"skip-lazy\" src=\"https:\/\/feelthebalkans.al\/wp-content\/uploads\/2023\/11\/Home-2.jpg\" alt=\"Home (2)\" width=\"1280\" height=\"800\">\t\t<\/figure>\n\t<\/a>\n\t\t<\/div>\n<\/div>\n\t<div class=\"swiper-slide\">\n\t<div class=\"wpcp-single-item\">\n\t\t\t<a class=\"wcp-light-box\" data-buttons='[\"close\"]' data-wpc_url='https:\/\/feelthebalkans.al\/wp-content\/uploads\/2023\/11\/Cream-Peach-and-Red-Organic-Warm-Marketing-Portfolio-Resume-Website-3.jpg' href=\"https:\/\/feelthebalkans.al\/wp-content\/uploads\/2023\/11\/Cream-Peach-and-Red-Organic-Warm-Marketing-Portfolio-Resume-Website-3.jpg\" data-fancybox=\"wpcp_view\">\n\t\t<figure>\n\t\t\t<img loading=\"lazy\" decoding=\"async\" class=\"skip-lazy\" src=\"https:\/\/feelthebalkans.al\/wp-content\/uploads\/2023\/11\/Cream-Peach-and-Red-Organic-Warm-Marketing-Portfolio-Resume-Website-3.jpg\" alt=\"Cream, Peach, and Red Organic Warm Marketing Portfolio &amp; Resume Website (3)\" width=\"1366\" height=\"768\">\t\t<\/figure>\n\t<\/a>\n\t\t<\/div>\n<\/div>\n\t<div class=\"swiper-slide\">\n\t<div class=\"wpcp-single-item\">\n\t\t\t<a class=\"wcp-light-box\" data-buttons='[\"close\"]' data-wpc_url='https:\/\/feelthebalkans.al\/wp-content\/uploads\/2023\/11\/Cream-Peach-and-Red-Organic-Warm-Marketing-Portfolio-Resume-Website.jpg' href=\"https:\/\/feelthebalkans.al\/wp-content\/uploads\/2023\/11\/Cream-Peach-and-Red-Organic-Warm-Marketing-Portfolio-Resume-Website.jpg\" data-fancybox=\"wpcp_view\">\n\t\t<figure>\n\t\t\t<img loading=\"lazy\" decoding=\"async\" class=\"skip-lazy\" src=\"https:\/\/feelthebalkans.al\/wp-content\/uploads\/2023\/11\/Cream-Peach-and-Red-Organic-Warm-Marketing-Portfolio-Resume-Website.jpg\" alt=\"Cream, Peach, and Red Organic Warm Marketing Portfolio &amp; Resume Website\" width=\"1366\" height=\"768\">\t\t<\/figure>\n\t<\/a>\n\t\t<\/div>\n<\/div>\n\t<div class=\"swiper-slide\">\n\t<div class=\"wpcp-single-item\">\n\t\t\t<a class=\"wcp-light-box\" data-buttons='[\"close\"]' data-wpc_url='https:\/\/feelthebalkans.al\/wp-content\/uploads\/2024\/01\/Cream-Peach-and-Red-Organic-Warm-Marketing-Portfolio-Resume-Website-6.jpg' href=\"https:\/\/feelthebalkans.al\/wp-content\/uploads\/2024\/01\/Cream-Peach-and-Red-Organic-Warm-Marketing-Portfolio-Resume-Website-6.jpg\" data-fancybox=\"wpcp_view\">\n\t\t<figure>\n\t\t\t<img loading=\"lazy\" decoding=\"async\" class=\"skip-lazy\" src=\"https:\/\/feelthebalkans.al\/wp-content\/uploads\/2024\/01\/Cream-Peach-and-Red-Organic-Warm-Marketing-Portfolio-Resume-Website-6.jpg\" alt=\"Cream, Peach, and Red Organic Warm Marketing Portfolio &amp; Resume Website (6)\" width=\"1366\" height=\"768\">\t\t<\/figure>\n\t<\/a>\n\t\t<\/div>\n<\/div>\n\t<div class=\"swiper-slide\">\n\t<div class=\"wpcp-single-item\">\n\t\t\t<a class=\"wcp-light-box\" data-buttons='[\"close\"]' data-wpc_url='https:\/\/feelthebalkans.al\/wp-content\/uploads\/2023\/11\/Brown-Simple-Minimalist-Reading-Desktop-Prototype.jpg' href=\"https:\/\/feelthebalkans.al\/wp-content\/uploads\/2023\/11\/Brown-Simple-Minimalist-Reading-Desktop-Prototype.jpg\" data-fancybox=\"wpcp_view\">\n\t\t<figure>\n\t\t\t<img loading=\"lazy\" decoding=\"async\" class=\"skip-lazy\" src=\"https:\/\/feelthebalkans.al\/wp-content\/uploads\/2023\/11\/Brown-Simple-Minimalist-Reading-Desktop-Prototype.jpg\" alt=\"Brown Simple Minimalist Reading Desktop Prototype\" width=\"1280\" height=\"800\">\t\t<\/figure>\n\t<\/a>\n\t\t<\/div>\n<\/div>\n\t\t\t<\/div>\n\t\t\t\t\t<div class=\"wpcp-swiper-dots swiper-pagination\"><\/div>\n\t\t\t\t<!-- If we need navigation buttons -->\n\t\t\t\t\t<div class=\"wpcp-prev-button swiper-button-prev\"><i class=\"fa fa-angle-left\"><\/i><\/div>\n\t\t\t<div class=\"wpcp-next-button swiper-button-next\"><i class=\"fa fa-angle-right\"><\/i><\/div>\n\t\t\t<\/div>\n\t<\/div>\n<\/div>\n\n\t\t<\/div>\n\t<\/div>\n<\/div><\/div><\/div><\/div><div class=\"vc_row wpb_row vc_row-fluid\"><div class=\"wpb_column vc_column_container vc_col-sm-12\"><div class=\"vc_column-inner\"><div class=\"wpb_wrapper\"><div class=\"gambit_fullwidth_row\" data-content-width=\"100%\" style=\"display: none\"><\/div><h1 style=\"font-size: 100px;color: #0a0008;line-height: 1.5;text-align: center;font-family:Abril Fatface;font-weight:400;font-style:normal\" class=\"vc_custom_heading home-exptravel-text\" >Escribenos para organizar el viaje en el destino de interes<\/h1><div class=\"vc_empty_space  custom-space\"   style=\"height: 2px\"><span class=\"vc_empty_space_inner\"><\/span><\/div><div class=\"vc_empty_space\"   style=\"height: 40px\"><span class=\"vc_empty_space_inner\"><\/span><\/div><div class=\"vc_row wpb_row vc_inner vc_row-fluid service-subs-form\"><div class=\"service-page-form-container wpb_column vc_column_container vc_col-sm-12 vc_col-has-fill\"><div class=\"vc_column-inner vc_custom_1704973094647\"><div class=\"wpb_wrapper\"><h2 style=\"font-size: 30px;color: #000000;line-height: 1.2;text-align: center;font-family:Artifika;font-weight:400;font-style:normal\" class=\"vc_custom_heading\" >NUESTROS NIVELES DE SERVICIO<\/h2><div class=\"vc_empty_space  custom-space\"   style=\"height: 2px\"><span class=\"vc_empty_space_inner\"><\/span><\/div><h2 style=\"font-size: 20px;color: #000000;line-height: 1.5;text-align: center;font-family:Anonymous Pro;font-weight:400;font-style:italic\" class=\"vc_custom_heading\" >En Feel the Balkans Travel solo organizamos Tours y viajes por Albania y los Balcanes, la regi\u00f3n que conocemos con detalle.<br \/>\n\u00a1Si pretende efectuar un viaje personalizado entra en contacto con nosotros!<\/h2><div class=\"vc_empty_space\"   style=\"height: 40px\"><span class=\"vc_empty_space_inner\"><\/span><\/div>\n<div class=\"wpcf7 no-js\" id=\"wpcf7-f6-o1\" lang=\"en-US\" dir=\"ltr\">\n<div class=\"screen-reader-response\"><p role=\"status\" aria-live=\"polite\" aria-atomic=\"true\"><\/p> <ul><\/ul><\/div>\n<form action=\"\/en\/wp-json\/wp\/v2\/pages\/28#wpcf7-f6-o1\" method=\"post\" class=\"wpcf7-form init\" aria-label=\"Contact form\" novalidate=\"novalidate\" data-status=\"init\" data-trp-original-action=\"\/en\/wp-json\/wp\/v2\/pages\/28#wpcf7-f6-o1\">\n<div style=\"display: none;\">\n<input type=\"hidden\" name=\"_wpcf7\" value=\"6\" \/>\n<input type=\"hidden\" name=\"_wpcf7_version\" value=\"5.8.6\" \/>\n<input type=\"hidden\" name=\"_wpcf7_locale\" value=\"en_US\" \/>\n<input type=\"hidden\" name=\"_wpcf7_unit_tag\" value=\"wpcf7-f6-o1\" \/>\n<input type=\"hidden\" name=\"_wpcf7_container_post\" value=\"0\" \/>\n<input type=\"hidden\" name=\"_wpcf7_posted_data_hash\" value=\"\" \/>\n<\/div>\n<div class=\"subscribe-form\">\n\t<p><span class=\"wpcf7-form-control-wrap\" data-name=\"id:name-sub\"><input size=\"40\" class=\"wpcf7-form-control wpcf7-text wpcf7-validates-as-required\" autocomplete=\"name\" aria-required=\"true\" aria-invalid=\"false\" placeholder=\"Nombre\" value=\"\" type=\"text\" name=\"id:name-sub\" \/><\/span><span class=\"wpcf7-form-control-wrap\" data-name=\"id:lastname-sub\"><input size=\"40\" class=\"wpcf7-form-control wpcf7-text wpcf7-validates-as-required\" autocomplete=\"name\" aria-required=\"true\" aria-invalid=\"false\" placeholder=\"Apellido\" value=\"\" type=\"text\" name=\"id:lastname-sub\" \/><\/span><span class=\"wpcf7-form-control-wrap\" data-name=\"id:email-sub\"><input size=\"40\" class=\"wpcf7-form-control wpcf7-email wpcf7-validates-as-required wpcf7-text wpcf7-validates-as-email\" autocomplete=\"email\" aria-required=\"true\" aria-invalid=\"false\" placeholder=\"Correo electr\u00f3nico\" value=\"\" type=\"email\" name=\"id:email-sub\" \/><\/span><input class=\"wpcf7-form-control wpcf7-submit has-spinner\" type=\"submit\" value=\"Submit\" \/>\n\t<\/p>\n<\/div><div class=\"wpcf7-response-output\" aria-hidden=\"true\"><\/div>\n<input type=\"hidden\" name=\"trp-form-language\" value=\"en\"\/><\/form>\n<\/div>\n<div class=\"vc_icon_element vc_icon_element-outer vc_icon_element-align-left\"><div class=\"vc_icon_element-inner vc_icon_element-color-blue vc_icon_element-size-md vc_icon_element-style- vc_icon_element-background-color-grey\" ><span class=\"vc_icon_element-icon fas fa-adjust\" ><\/span><\/div><\/div><\/div><\/div><\/div><\/div><div class=\"vc_row wpb_row vc_inner vc_row-fluid vc_custom_1697371372761 vc_row-has-fill\"><div class=\"wpb_column vc_column_container vc_col-sm-6\"><div class=\"vc_column-inner\"><div class=\"wpb_wrapper\">\n\t<div class=\"wpb_raw_code wpb_content_element wpb_raw_html vc_custom_1699433234094\" >\n\t\t<div class=\"wpb_wrapper\">\n\t\t\t<div class=\"explorateur-images\">\n<div class=\"firstImage\"><img decoding=\"async\" src=\"https:\/\/feelthebalkans.al\/wp-content\/uploads\/2023\/10\/carpet.jpg\" style=\"width: 490px;height: 595px;\" alt=\"\"><\/div><div class=\"secondImage\"><img src=\"https:\/\/feelthebalkans.al\/wp-content\/uploads\/2023\/10\/Untitled-design-1.png\" style=\"width: 490px;height: 595px;\" alt=\"\"><\/div>\n<\/div>\n\t\t<\/div>\n\t<\/div>\n<\/div><\/div><\/div><div class=\"wpb_column vc_column_container vc_col-sm-6\"><div class=\"vc_column-inner\"><div class=\"wpb_wrapper\"><h1 style=\"font-size: 50px;color: #000000;line-height: .9;text-align: left;font-family:Artifika;font-weight:400;font-style:normal\" class=\"vc_custom_heading explore-travel-text\" >Nuestra Misi\u00f3n<\/h1><p style=\"font-size: 25px;color: #000000;line-height: 1.7;text-align: justify;font-family:Montserrat;font-weight:400;font-style:normal\" class=\"vc_custom_heading exploretravel-paragraph\" >Ofrecer a nuestros clientes - viajeros experiencias \u00fanicas y mejorar sus expectativas en cuanto a los destinos. Brindar nuevos proyectos que sean personalizados de acuerdo a sus solicitudes. Nuestra misi\u00f3n es convertir el viaje inolvidable, destacando lo mejor de cada destino y garantiz\u00e1ndoles un excelente nivel de servicio profesional en cualquier \u00e9poca de a\u00f1o.<\/p><h1 style=\"color: #aeb297;line-height: 1.5;text-align: left;font-family:Montserrat;font-weight:700;font-style:normal\" class=\"vc_custom_heading home-exptravel-text\" >Exploring Balkans\u2019s Attractions<\/h1><div class=\"vc_btn3-container  vacation-button vc_btn3-left\" ><button class=\"vc_general vc_btn3 vc_btn3-size-lg vc_btn3-shape-rounded vc_btn3-style-modern vc_btn3-o-empty vc_btn3-color-danger\"><span class=\"vc_btn3-placeholder\">&nbsp;<\/span><\/button><\/div><\/div><\/div><\/div><\/div><div class=\"vc_row wpb_row vc_inner vc_row-fluid vc_custom_1697371998567 vc_row-has-fill\"><div class=\"wpb_column vc_column_container vc_col-sm-12 vc_col-has-fill\"><div class=\"vc_column-inner vc_custom_1709126600906\"><div class=\"wpb_wrapper\"><\/div><\/div><\/div><h2 style=\"font-size: 120px;color: #000000;line-height: 1.5;text-align: center;font-family:Montserrat;font-weight:400;font-style:normal\" class=\"vc_custom_heading service-exptravel-text vc_custom_1706783826013\" >\u00bfListo para escapar?<\/h2><h2 style=\"font-size: 50px;color: #ffffff;line-height: 1.2;text-align: center;font-family:Artifika;font-weight:400;font-style:normal\" class=\"vc_custom_heading footer-text-style\" >Follow the adventure!<\/h2><div class=\"vc_btn3-container  vacation-button vc_btn3-center\" ><button onmouseleave=\"this.style.borderColor='#a08f88'; this.style.backgroundColor='transparent'; this.style.color='#a08f88'\" onmouseenter=\"this.style.borderColor='#a08f88'; this.style.backgroundColor='#a08f88'; this.style.color='#a08f88';\" style=\"border-color:#a08f88; color:#a08f88;\" class=\"vc_general vc_btn3 vc_btn3-size-lg vc_btn3-shape-round vc_btn3-style-outline-custom\">SIGUENOS EN<\/button><\/div><div class=\"vc_row wpb_row vc_inner vc_row-fluid\"><\/div><\/div><\/div><\/div><\/div><\/div>\n<\/section>","protected":false},"excerpt":{"rendered":"Servicios DISE\u00d1AMOS TUS VACACIONESNuestra agencia est\u00e1 especializada en el mercado hispano hablante, y dise\u00f1amos viajes de la siguiente tipolog\u00eda: Culturales, seniors, aventura, religiosos, de monta\u00f1a, fly [...]","protected":false},"author":1,"featured_media":0,"parent":0,"menu_order":0,"comment_status":"closed","ping_status":"closed","template":"","meta":{"footnotes":""},"_links":{"self":[{"href":"https:\/\/feelthebalkans.al\/en\/wp-json\/wp\/v2\/pages\/28"}],"collection":[{"href":"https:\/\/feelthebalkans.al\/en\/wp-json\/wp\/v2\/pages"}],"about":[{"href":"https:\/\/feelthebalkans.al\/en\/wp-json\/wp\/v2\/types\/page"}],"author":[{"embeddable":true,"href":"https:\/\/feelthebalkans.al\/en\/wp-json\/wp\/v2\/users\/1"}],"replies":[{"embeddable":true,"href":"https:\/\/feelthebalkans.al\/en\/wp-json\/wp\/v2\/comments?post=28"}],"version-history":[{"count":107,"href":"https:\/\/feelthebalkans.al\/en\/wp-json\/wp\/v2\/pages\/28\/revisions"}],"predecessor-version":[{"id":827,"href":"https:\/\/feelthebalkans.al\/en\/wp-json\/wp\/v2\/pages\/28\/revisions\/827"}],"wp:attachment":[{"href":"https:\/\/feelthebalkans.al\/en\/wp-json\/wp\/v2\/media?parent=28"}],"curies":[{"name":"wp","href":"https:\/\/api.w.org\/{rel}","templated":true}]}}