{"id":34,"date":"2023-10-11T19:59:39","date_gmt":"2023-10-11T19:59:39","guid":{"rendered":"https:\/\/feelthebalkans.al\/?page_id=34"},"modified":"2024-03-01T13:23:54","modified_gmt":"2024-03-01T13:23:54","slug":"contact-2","status":"publish","type":"page","link":"https:\/\/feelthebalkans.al\/en\/contact-2\/","title":{"rendered":"Contact"},"content":{"rendered":"<section class=\"wpb-content-wrapper\"><div class=\"vc_row wpb_row vc_row-fluid\"><div class=\"wpb_column vc_column_container vc_col-sm-12\"><div class=\"vc_column-inner\"><div class=\"wpb_wrapper\">\n\t<div class=\"wpb_text_column wpb_content_element\" >\n\t\t<div class=\"wpb_wrapper\">\n\t\t\t\n\t\t<\/div>\n\t<\/div>\n<\/div><\/div><\/div><\/div><div class=\"vc_row wpb_row vc_row-fluid\"><div class=\"wpb_column vc_column_container vc_col-sm-12\"><div class=\"vc_column-inner\"><div class=\"wpb_wrapper\"><div class=\"gambit_fullwidth_row\" data-content-width=\"100%\" style=\"display: none\"><\/div>\n\t<div class=\"wpb_raw_code wpb_content_element wpb_raw_html video-container\" >\n\t\t<div class=\"wpb_wrapper\">\n\t\t\t<div class=\"main-video\">\n<video width=\"100%\" class=\"video\" autoplay=\"true\" loop=\"true\" muted=\"true\"><source src=\"https:\/\/akt.gov.al\/wp-content\/uploads\/2019\/05\/ALBANIA-Go-Your-Own-Way.mp4#t=\" type=\"video\/mp4\"><\/video>\n\n<h2>\u00bfListo para escapar?<\/h2>\n\n<h4>Albania.al<\/h4>\n<\/div>\n\t\t<\/div>\n\t<\/div>\n<\/div><\/div><\/div><\/div><div class=\"vc_row wpb_row vc_row-fluid\"><div class=\"wpb_column vc_column_container vc_col-sm-12\"><div class=\"vc_column-inner\"><div class=\"wpb_wrapper\"><div class=\"gambit_fullwidth_row\" data-content-width=\"100%\" style=\"display: none\"><\/div><h2 style=\"font-size: 50px;color: #000000;line-height: 1.2;text-align: center;font-family:Artifika;font-weight:400;font-style:normal\" class=\"vc_custom_heading\" >\u00bfLE AYUDAMOS A HACER REALIDAD SU VIAJE?<\/h2><div class=\"vc_empty_space  custom-space\"   style=\"height: 2px\"><span class=\"vc_empty_space_inner\"><\/span><\/div><div class=\"vc_empty_space\"   style=\"height: 40px\"><span class=\"vc_empty_space_inner\"><\/span><\/div><p style=\"font-size: 20px;color: #000000;line-height: 1.7;text-align: center;font-family:Montserrat;font-weight:400;font-style:normal\" class=\"vc_custom_heading contact-paragraph\" >Asesoramiento y asistencia a los 7 d\u00edas a la semana en cualquier de sus viajes que transcurran Albania y los Balcanes. Nuestro soporte llega a usted a trav\u00e9s de nuestro tel\u00e9fono o correo electr\u00f3nico.<\/p><div class=\"vc_empty_space\"   style=\"height: 30px\"><span class=\"vc_empty_space_inner\"><\/span><\/div><div class=\"vc_btn3-container vc_btn3-center\" ><button class=\"vc_general vc_btn3 vc_btn3-size-lg vc_btn3-shape-rounded vc_btn3-style-modern vc_btn3-color-juicy-pink\">Learn More<\/button><\/div><\/div><\/div><\/div><\/div><div class=\"vc_row wpb_row vc_row-fluid noMarginBottom\"><div class=\"wpb_column vc_column_container vc_col-sm-12\"><div class=\"vc_column-inner\"><div class=\"wpb_wrapper\"><h1 style=\"font-size: 35px;color: #000000;line-height: 1.5;text-align: center;font-family:Abril Fatface;font-weight:400;font-style:normal\" class=\"vc_custom_heading\" >Informaci\u00f3n del cliente<\/h1><div class=\"vc_row wpb_row vc_inner vc_row-fluid contact-form-container\"><div class=\"wpb_column vc_column_container vc_col-sm-12\"><div class=\"vc_column-inner\"><div class=\"wpb_wrapper\">\n\t<div class=\"wpb_text_column wpb_content_element\" >\n\t\t<div class=\"wpb_wrapper\">\n\t\t\t<div class=\"wpforms-container wpforms-container-full wpforms-render-modern\" id=\"wpforms-675\"><form id=\"wpforms-form-675\" class=\"wpforms-validate wpforms-form wpforms-ajax-form\" data-formid=\"675\" method=\"post\" enctype=\"multipart\/form-data\" action=\"\/en\/wp-json\/wp\/v2\/pages\/34\" data-token=\"21a9ace1dadd96dfcebde9a05c2c7c9f\" data-trp-original-action=\"\/en\/wp-json\/wp\/v2\/pages\/34\"><noscript class=\"wpforms-error-noscript\">Please enable JavaScript in your browser to complete this form.<\/noscript><div class=\"wpforms-hidden\" id=\"wpforms-error-noscript\">Please enable JavaScript in your browser to complete this form.<\/div><div class=\"wpforms-field-container\"><div id=\"wpforms-675-field_1-container\" class=\"wpforms-field wpforms-field-name\" data-field-id=\"1\"><fieldset><legend class=\"wpforms-field-label wpforms-label-hide\" aria-hidden=\"false\"> <span class=\"wpforms-required-label\" aria-hidden=\"true\">*<\/span><\/legend><div class=\"wpforms-field-row wpforms-field-large\"><div class=\"wpforms-field-row-block wpforms-first wpforms-one-half\"><input type=\"text\" id=\"wpforms-675-field_1\" class=\"wpforms-field-name-first wpforms-field-required\" name=\"wpforms[fields][1][first]\" placeholder=\"Nombre y apellido\" aria-errormessage=\"wpforms-675-field_1-error\" required><label for=\"wpforms-675-field_1\" class=\"wpforms-field-sublabel after wpforms-sublabel-hide\">First<\/label><\/div><div class=\"wpforms-field-row-block wpforms-one-half\"><input type=\"text\" id=\"wpforms-675-field_1-last\" class=\"wpforms-field-name-last wpforms-field-required\" name=\"wpforms[fields][1][last]\" placeholder=\"Ciudad de salida\" aria-errormessage=\"wpforms-675-field_1-last-error\" required><label for=\"wpforms-675-field_1-last\" class=\"wpforms-field-sublabel after wpforms-sublabel-hide\">Last<\/label><\/div><\/div><\/fieldset><\/div><div id=\"wpforms-675-field_17-container\" class=\"wpforms-field wpforms-field-name\" data-field-id=\"17\"><fieldset><legend class=\"wpforms-field-label wpforms-label-hide\" aria-hidden=\"false\"> <span class=\"wpforms-required-label\" aria-hidden=\"true\">*<\/span><\/legend><div class=\"wpforms-field-row wpforms-field-large\"><div class=\"wpforms-field-row-block wpforms-first wpforms-one-half\"><input type=\"text\" id=\"wpforms-675-field_17\" class=\"wpforms-field-name-first wpforms-field-required\" name=\"wpforms[fields][17][first]\" placeholder=\"Email\" aria-errormessage=\"wpforms-675-field_17-error\" required><label for=\"wpforms-675-field_17\" class=\"wpforms-field-sublabel after wpforms-sublabel-hide\">First<\/label><\/div><div class=\"wpforms-field-row-block wpforms-one-half\"><input type=\"text\" id=\"wpforms-675-field_17-last\" class=\"wpforms-field-name-last wpforms-field-required\" name=\"wpforms[fields][17][last]\" placeholder=\"Numero de personas\" aria-errormessage=\"wpforms-675-field_17-last-error\" required><label for=\"wpforms-675-field_17-last\" class=\"wpforms-field-sublabel after wpforms-sublabel-hide\">Last<\/label><\/div><\/div><\/fieldset><\/div><div id=\"wpforms-675-field_18-container\" class=\"wpforms-field wpforms-field-name\" data-field-id=\"18\"><fieldset><legend class=\"wpforms-field-label wpforms-label-hide\" aria-hidden=\"false\"> <span class=\"wpforms-required-label\" aria-hidden=\"true\">*<\/span><\/legend><div class=\"wpforms-field-row wpforms-field-large\"><div class=\"wpforms-field-row-block wpforms-first wpforms-one-half\"><input type=\"text\" id=\"wpforms-675-field_18\" class=\"wpforms-field-name-first wpforms-field-required\" name=\"wpforms[fields][18][first]\" placeholder=\"Telefono\" aria-errormessage=\"wpforms-675-field_18-error\" required><label for=\"wpforms-675-field_18\" class=\"wpforms-field-sublabel after wpforms-sublabel-hide\">First<\/label><\/div><div class=\"wpforms-field-row-block wpforms-one-half\"><input type=\"text\" id=\"wpforms-675-field_18-last\" class=\"wpforms-field-name-last wpforms-field-required\" name=\"wpforms[fields][18][last]\" placeholder=\"Fecha aproximada del viaje\" aria-errormessage=\"wpforms-675-field_18-last-error\" required><label for=\"wpforms-675-field_18-last\" class=\"wpforms-field-sublabel after wpforms-sublabel-hide\">Last<\/label><\/div><\/div><\/fieldset><\/div><div id=\"wpforms-675-field_19-container\" class=\"wpforms-field wpforms-field-name\" data-field-id=\"19\"><fieldset><legend class=\"wpforms-field-label wpforms-label-hide\" aria-hidden=\"false\"> <span class=\"wpforms-required-label\" aria-hidden=\"true\">*<\/span><\/legend><div class=\"wpforms-field-row wpforms-field-large\"><div class=\"wpforms-field-row-block wpforms-first wpforms-one-half\"><input type=\"text\" id=\"wpforms-675-field_19\" class=\"wpforms-field-name-first wpforms-field-required\" name=\"wpforms[fields][19][first]\" placeholder=\"Ciudad de residencia\" aria-errormessage=\"wpforms-675-field_19-error\" required><label for=\"wpforms-675-field_19\" class=\"wpforms-field-sublabel after wpforms-sublabel-hide\">First<\/label><\/div><div class=\"wpforms-field-row-block wpforms-one-half\"><input type=\"text\" id=\"wpforms-675-field_19-last\" class=\"wpforms-field-name-last wpforms-field-required\" name=\"wpforms[fields][19][last]\" placeholder=\"Pais de destino\" aria-errormessage=\"wpforms-675-field_19-last-error\" required><label for=\"wpforms-675-field_19-last\" class=\"wpforms-field-sublabel after wpforms-sublabel-hide\">Last<\/label><\/div><\/div><\/fieldset><\/div><div id=\"wpforms-675-field_20-container\" class=\"wpforms-field wpforms-field-radio\" data-field-id=\"20\"><fieldset><legend class=\"wpforms-field-label\">Como nos has conocido?<\/legend><ul id=\"wpforms-675-field_20\"><li class=\"choice-1 depth-1\"><input type=\"radio\" id=\"wpforms-675-field_20_1\" name=\"wpforms[fields][20]\" value=\"Redes sociales\" aria-errormessage=\"wpforms-675-field_20_1-error\"  ><label class=\"wpforms-field-label-inline\" for=\"wpforms-675-field_20_1\">Redes sociales<\/label><\/li><li class=\"choice-2 depth-1\"><input type=\"radio\" id=\"wpforms-675-field_20_2\" name=\"wpforms[fields][20]\" value=\"Anucio de Google\" aria-errormessage=\"wpforms-675-field_20_2-error\"  ><label class=\"wpforms-field-label-inline\" for=\"wpforms-675-field_20_2\">Anucio de Google<\/label><\/li><li class=\"choice-3 depth-1\"><input type=\"radio\" id=\"wpforms-675-field_20_3\" name=\"wpforms[fields][20]\" value=\"Recomendacion\" aria-errormessage=\"wpforms-675-field_20_3-error\"  ><label class=\"wpforms-field-label-inline\" for=\"wpforms-675-field_20_3\">Recomendacion<\/label><\/li><\/ul><\/fieldset><\/div><div id=\"wpforms-675-field_22-container\" class=\"wpforms-field wpforms-field-textarea\" data-field-id=\"22\"><label class=\"wpforms-field-label\" for=\"wpforms-675-field_22\">Consulta<\/label><textarea id=\"wpforms-675-field_22\" class=\"wpforms-field-medium\" name=\"wpforms[fields][22]\" aria-errormessage=\"wpforms-675-field_22-error\" ><\/textarea><\/div><\/div><!-- .wpforms-field-container --><div class=\"wpforms-submit-container\" ><input type=\"hidden\" name=\"wpforms[id]\" value=\"675\"><input type=\"hidden\" name=\"wpforms[author]\" value=\"1\"><button type=\"submit\" name=\"wpforms[submit]\" id=\"wpforms-submit-675\" class=\"wpforms-submit\" data-alt-text=\"Sending...\" data-submit-text=\"Submit\" aria-live=\"assertive\" value=\"wpforms-submit\">Submit<\/button><img loading=\"lazy\" decoding=\"async\" src=\"https:\/\/feelthebalkans.al\/wp-content\/plugins\/wpforms-lite\/assets\/images\/submit-spin.svg\" class=\"wpforms-submit-spinner\" style=\"display: none;\" width=\"26\" height=\"26\" alt=\"Loading\"><\/div><input type=\"hidden\" name=\"trp-form-language\" value=\"en\"\/><\/form><\/div>  <!-- .wpforms-container -->\n\n\t\t<\/div>\n\t<\/div>\n<\/div><\/div><\/div><\/div><div class=\"vc_empty_space\"   style=\"height: 50px\"><span class=\"vc_empty_space_inner\"><\/span><\/div><\/div><\/div><\/div><\/div><div class=\"vc_row wpb_row vc_row-fluid noMarginBottom vc_custom_1697067204727 vc_row-has-fill\"><div class=\"wpb_column vc_column_container vc_col-sm-12\"><div class=\"vc_column-inner\"><div class=\"wpb_wrapper\"><div class=\"gambit_fullwidth_row\" data-content-width=\"100%\" style=\"display: none\"><\/div><div class=\"vc_row wpb_row vc_inner vc_row-fluid\"><div class=\"wpb_column vc_column_container vc_col-sm-12\"><div class=\"vc_column-inner\"><div class=\"wpb_wrapper\"><h2 style=\"font-size: 50px;color: #ffffff;line-height: 1.2;text-align: center;font-family:Artifika;font-weight:400;font-style:normal\" class=\"vc_custom_heading footer-text-style\" >\u00a1Sigue la aventura con nosotros !<\/h2><\/div><\/div><\/div><\/div><div class=\"vc_empty_space\"   style=\"height: 20px\"><span class=\"vc_empty_space_inner\"><\/span><\/div><div class=\"vc_row wpb_row vc_inner vc_row-fluid\"><div class=\"wpb_column vc_column_container vc_col-sm-4\"><div class=\"vc_column-inner\"><div class=\"wpb_wrapper\"><div class=\"vc_icon_element vc_icon_element-outer icon-footer vc_icon_element-align-center vc_icon_element-have-style\"><div class=\"vc_icon_element-inner vc_icon_element-color-white vc_icon_element-have-style-inner vc_icon_element-size-md vc_icon_element-style-boxed vc_icon_element-background vc_icon_element-background-color-sandy_brown\" ><span class=\"vc_icon_element-icon fab fa-instagram\" ><\/span><a class=\"vc_icon_element-link\" href=\"https:\/\/www.instagram.com\/feelthebalkanstravel\/\"  title=\"feelthebalkanstravel\" target=\"_self\"><\/a><\/div><\/div><h2 style=\"font-size: 20px;text-align: center;font-family:Abril Fatface;font-weight:400;font-style:normal\" class=\"vc_custom_heading social-media-font\" >Cons\u00edguenos en Instagram<\/h2><\/div><\/div><\/div><div class=\"wpb_column vc_column_container vc_col-sm-4\"><div class=\"vc_column-inner\"><div class=\"wpb_wrapper\"><div class=\"vc_icon_element vc_icon_element-outer icon-footer vc_icon_element-align-center vc_icon_element-have-style\"><div class=\"vc_icon_element-inner vc_icon_element-color-white vc_icon_element-have-style-inner vc_icon_element-size-md vc_icon_element-style-boxed vc_icon_element-background vc_icon_element-background-color-sandy_brown\" ><span class=\"vc_icon_element-icon fab fa-facebook-square\" ><\/span><a class=\"vc_icon_element-link\" href=\"https:\/\/www.facebook.com\/people\/Feel-the-Balkans-Travel\/100083541395717\/?mibextid=LQQJ4d\"  title=\"feelthebalkanstravel\" target=\"_blank\"><\/a><\/div><\/div><h2 style=\"font-size: 20px;text-align: center;font-family:Abril Fatface;font-weight:400;font-style:normal\" class=\"vc_custom_heading social-media-font\" >Cons\u00edguenos en Instagram<\/h2><\/div><\/div><\/div><div class=\"wpb_column vc_column_container vc_col-sm-4\"><div class=\"vc_column-inner\"><div class=\"wpb_wrapper\"><div class=\"vc_icon_element vc_icon_element-outer icon-footer vc_icon_element-align-center vc_icon_element-have-style\"><div class=\"vc_icon_element-inner vc_icon_element-color-white vc_icon_element-have-style-inner vc_icon_element-size-md vc_icon_element-style-boxed vc_icon_element-background vc_icon_element-background-color-sandy_brown\" ><span class=\"vc_icon_element-icon fab fa-linkedin\" ><\/span><a class=\"vc_icon_element-link\" href=\"https:\/\/www.instagram.com\/feelthebalkanstravel\/\"  title=\"feelthebalkanstravel\" target=\"_self\"><\/a><\/div><\/div><h2 style=\"font-size: 20px;text-align: center;font-family:Abril Fatface;font-weight:400;font-style:normal\" class=\"vc_custom_heading social-media-font\" >Cons\u00edguenos en LinkedIn<\/h2><\/div><\/div><\/div><\/div><div class=\"vc_row wpb_row vc_inner vc_row-fluid\"><div class=\"wpb_column vc_column_container vc_col-sm-12\"><div class=\"vc_column-inner\"><div class=\"wpb_wrapper\"><div  class=\"vc_wp_text wpb_content_element\"><div class=\"widget widget_text\">\t\t\t<div class=\"textwidget\"><\/div>\n\t\t<\/div><\/div><div class=\"vc-hoverbox-wrapper  vc-hoverbox-shape--rounded vc-hoverbox-align--center vc-hoverbox-direction--default vc-hoverbox-width--60\"  ontouchstart=\"\">\n  <div class=\"vc-hoverbox\">\n    <div class=\"vc-hoverbox-inner\">\n      <div class=\"vc-hoverbox-block vc-hoverbox-front\" style=\"background-image: url(https:\/\/feelthebalkans.al\/wp-content\/uploads\/2023\/10\/output-onlinepngtools-1-1024x829.png);\">\n        <div class=\"vc-hoverbox-block-inner vc-hoverbox-front-inner\">\n            \n        <\/div>\n      <\/div>\n      <div class=\"vc-hoverbox-block vc-hoverbox-back\" style=\"background-color: #ebebeb;\">\n        <div class=\"vc-hoverbox-block-inner vc-hoverbox-back-inner\">\n            \n            <p class=\"x_MsoNormal\"><span lang=\"IT\">\ud83c\udfdb\ufe0f Direcci\u00f3n: Rr.Abdi Toptani , Shopping Center Torre Drini, kati 1, nr30\u00a0<\/span><\/p>\n<p class=\"x_MsoNormal\"><span lang=\"ES\">\u260e\ufe0f Numero de telefono: +355 698995599<\/span><\/p>\n<p class=\"x_MsoNormal\"><span lang=\"ES\">\ud83d\udce7 Correo electr\u00f3nico:\u00a0<a href=\"mailto:info@feelthebalkans.al\" data-linkindex=\"0\">info@feelthebalkans.al<\/a><\/span><\/p>\n<p class=\"x_MsoNormal\"><span lang=\"IT\">\ud83d\udcbb Pagina web :\u00a0\u00a0<\/span><span lang=\"ES\"><a href=\"https:\/\/feelthebalkans.al\/en\/\" target=\"_blank\" rel=\"noopener noreferrer\" data-auth=\"NotApplicable\" data-linkindex=\"1\"><span lang=\"IT\">https:\/\/feelthebalkans.al\/<\/span><\/a><\/span><\/p>\n\n            \n        <\/div>\n      <\/div>\n    <\/div>\n  <\/div>\n<\/div><\/div><\/div><\/div><\/div><\/div><\/div><\/div><\/div>\n<\/section>","protected":false},"excerpt":{"rendered":"\u00bfListo para escapar? Albania.al \u00bfLE AYUDAMOS A HACER REALIDAD SU VIAJE?Asesoramiento y asistencia a los 7 d\u00edas a la semana en cualquier de sus viajes que [...]","protected":false},"author":1,"featured_media":0,"parent":0,"menu_order":0,"comment_status":"closed","ping_status":"closed","template":"","meta":{"footnotes":""},"_links":{"self":[{"href":"https:\/\/feelthebalkans.al\/en\/wp-json\/wp\/v2\/pages\/34"}],"collection":[{"href":"https:\/\/feelthebalkans.al\/en\/wp-json\/wp\/v2\/pages"}],"about":[{"href":"https:\/\/feelthebalkans.al\/en\/wp-json\/wp\/v2\/types\/page"}],"author":[{"embeddable":true,"href":"https:\/\/feelthebalkans.al\/en\/wp-json\/wp\/v2\/users\/1"}],"replies":[{"embeddable":true,"href":"https:\/\/feelthebalkans.al\/en\/wp-json\/wp\/v2\/comments?post=34"}],"version-history":[{"count":29,"href":"https:\/\/feelthebalkans.al\/en\/wp-json\/wp\/v2\/pages\/34\/revisions"}],"predecessor-version":[{"id":811,"href":"https:\/\/feelthebalkans.al\/en\/wp-json\/wp\/v2\/pages\/34\/revisions\/811"}],"wp:attachment":[{"href":"https:\/\/feelthebalkans.al\/en\/wp-json\/wp\/v2\/media?parent=34"}],"curies":[{"name":"wp","href":"https:\/\/api.w.org\/{rel}","templated":true}]}}